{"id":295,"date":"2018-03-22T15:54:13","date_gmt":"2018-03-22T14:54:13","guid":{"rendered":"http:\/\/wp18.liebefuersiebe.de\/?post_type=product&#038;p=295"},"modified":"2018-03-22T15:55:25","modified_gmt":"2018-03-22T14:55:25","slug":"baby-upcycled-jaeckchen-neugeborene-groesse-52","status":"publish","type":"product","link":"http:\/\/liebefuersiebe.de\/?product=baby-upcycled-jaeckchen-neugeborene-groesse-52","title":{"rendered":"Baby Upcycled-J\u00e4ckchen Neugeborene Gr\u00f6\u00dfe  52"},"content":{"rendered":"<div class=\"content\">\n<div class=\"details-container\">\n<section class=\"description col-md-8 no-padding\">\n<div class=\"translated user-markdown\">\n<p>Mit Liebe gestalteter und handgedrucktes J\u00e4ckchen aus 100 % Baumwolle f\u00fcr Fr\u00fchchen und Neugeborene.<\/p>\n<p>Das Secondhand-J\u00e4ckchen wurde mit einem neuem Aufdruck &#8222;metal is god&#8220; gepimpt und ist ein Hingucker f\u00fcr alle die handgemachte Musik lieben. Die Gr\u00f6\u00dfe 52 passt so schon von Anfang an auch kleineren Babys. In dem weichen Stoff mit Druckkn\u00f6pfen l\u00e4sst sich auch beim umziehen super entspannen.<\/p>\n<p><strong>Gr\u00f6\u00dfe:<\/strong><br \/>\n52 f\u00fcr Neugeborene, Fr\u00fchchen und kleine Babys<\/p>\n<p><strong>Farbe:<\/strong><br \/>\nWei\u00df mit schwarzem Aufdruck<\/p>\n<p><strong>Material:<\/strong><br \/>\n100 % Baumwolle<br \/>\nSecondhandware neu bedruckt<\/p>\n<p><strong>Herstellung<\/strong><br \/>\nHandsiebdruck aus dem Westerwald<\/p>\n<p><strong>Pflegehinweis<\/strong><br \/>\nAuf Links gedreht bei maximal 30 &#8211; 40 \u00b0C waschen<\/p>\n<\/div>\n<\/section>\n<\/div>\n<\/div>\n","protected":false},"excerpt":{"rendered":"<p>Upcycled Secondhand-J\u00e4ckchen mit neuem Aufdruck &#8222;metal is god&#8220;<\/p>\n","protected":false},"featured_media":296,"comment_status":"closed","ping_status":"closed","template":"","meta":[],"_links":{"self":[{"href":"http:\/\/liebefuersiebe.de\/index.php?rest_route=\/wp\/v2\/product\/295"}],"collection":[{"href":"http:\/\/liebefuersiebe.de\/index.php?rest_route=\/wp\/v2\/product"}],"about":[{"href":"http:\/\/liebefuersiebe.de\/index.php?rest_route=\/wp\/v2\/types\/product"}],"replies":[{"embeddable":true,"href":"http:\/\/liebefuersiebe.de\/index.php?rest_route=%2Fwp%2Fv2%2Fcomments&post=295"}],"wp:featuredmedia":[{"embeddable":true,"href":"http:\/\/liebefuersiebe.de\/index.php?rest_route=\/wp\/v2\/media\/296"}],"wp:attachment":[{"href":"http:\/\/liebefuersiebe.de\/index.php?rest_route=%2Fwp%2Fv2%2Fmedia&parent=295"}],"curies":[{"name":"wp","href":"https:\/\/api.w.org\/{rel}","templated":true}]}}