{"id":294,"date":"2018-03-22T15:18:15","date_gmt":"2018-03-22T14:18:15","guid":{"rendered":"http:\/\/wp18.liebefuersiebe.de\/?post_type=product&#038;p=294"},"modified":"2018-03-22T15:18:15","modified_gmt":"2018-03-22T14:18:15","slug":"baby-bio-body-fruehchen-neugeborene-groesse-50","status":"publish","type":"product","link":"http:\/\/liebefuersiebe.de\/?product=baby-bio-body-fruehchen-neugeborene-groesse-50","title":{"rendered":"Baby Bio Body Fr\u00fchchen Neugeborene Gr\u00f6\u00dfe 50"},"content":{"rendered":"<div class=\"translated user-markdown\">\n<p>Mit Liebe gestalteter und handgedruckter Body aus 100 % Biobaumwolle f\u00fcr Fr\u00fchchen und Neugeborene.<\/p>\n<p>Der s\u00fc\u00dfe Aufdruck &#8222;Eilzustellung&#8220; wurde spezielle f\u00fcr die kleinen Neugierigen entworfen. Die Gr\u00f6\u00dfe 50 passt so schon von Anfang an auch kleineren Babys. In dem weichen Stoff mit Wickeltechnik l\u00e4sst sich auch beim umziehen super entspannen.<\/p>\n<p><strong>Gr\u00f6\u00dfe:<\/strong><br \/>\n50 f\u00fcr Neugeborene, Fr\u00fchchen und kleine Babys<\/p>\n<p><strong>Farbe:<\/strong><br \/>\nWei\u00df mit mintfarbenem Aufdruck<\/p>\n<p><strong>Material:<\/strong><br \/>\n100 % Biobaumwolle<br \/>\nbesonders Hautvertr\u00e4glich<br \/>\nOhne Seitennaht<\/p>\n<p><strong>Herstellung<\/strong><br \/>\nHandsiebdruck aus dem Westerwald<\/p>\n<p><strong>Pflegehinweis<\/strong><br \/>\nAuf Links gedreht bei maximal 30 &#8211; 40 \u00b0C waschen<\/p>\n<\/div>\n","protected":false},"excerpt":{"rendered":"<p>Mit Liebe gestalteter und handgedruckter Body aus 100 % Biobaumwolle f\u00fcr Fr\u00fchchen und Neugeborene.<\/p>\n","protected":false},"featured_media":142,"comment_status":"closed","ping_status":"closed","template":"","meta":[],"_links":{"self":[{"href":"http:\/\/liebefuersiebe.de\/index.php?rest_route=\/wp\/v2\/product\/294"}],"collection":[{"href":"http:\/\/liebefuersiebe.de\/index.php?rest_route=\/wp\/v2\/product"}],"about":[{"href":"http:\/\/liebefuersiebe.de\/index.php?rest_route=\/wp\/v2\/types\/product"}],"replies":[{"embeddable":true,"href":"http:\/\/liebefuersiebe.de\/index.php?rest_route=%2Fwp%2Fv2%2Fcomments&post=294"}],"wp:featuredmedia":[{"embeddable":true,"href":"http:\/\/liebefuersiebe.de\/index.php?rest_route=\/wp\/v2\/media\/142"}],"wp:attachment":[{"href":"http:\/\/liebefuersiebe.de\/index.php?rest_route=%2Fwp%2Fv2%2Fmedia&parent=294"}],"curies":[{"name":"wp","href":"https:\/\/api.w.org\/{rel}","templated":true}]}}